{"id":40,"date":"2022-06-28T12:00:20","date_gmt":"2022-06-28T12:00:20","guid":{"rendered":"https:\/\/forte.psmbielsk.edu.pl\/?page_id=40"},"modified":"2022-06-28T12:00:20","modified_gmt":"2022-06-28T12:00:20","slug":"zadanie-publiczne-p-t","status":"publish","type":"page","link":"https:\/\/forte.psmbielsk.edu.pl\/index.php\/zadanie-publiczne-p-t\/","title":{"rendered":"ZADANIE PUBLICZNE P.T."},"content":{"rendered":"\n<p>&#8222;\u015aWI\u0118TO MUZYKI&#8221; JEST WSP\u00d3\u0141FINANSOWANE ZE \u015aRODK\u00d3W WOJEW\u00d3DZTWA PODLASKIEGO<\/p>\n\n\n\n<figure class=\"wp-block-gallery has-nested-images columns-default is-cropped wp-block-gallery-1 is-layout-flex wp-block-gallery-is-layout-flex\">\n<figure class=\"wp-block-image size-large\"><img loading=\"lazy\" decoding=\"async\" width=\"768\" height=\"1024\" data-id=\"41\" src=\"https:\/\/forte.psmbielsk.edu.pl\/wp-content\/uploads\/2022\/06\/290034029_321305893543986_350191975993526607_n-768x1024.jpg\" alt=\"\" class=\"wp-image-41\" srcset=\"https:\/\/forte.psmbielsk.edu.pl\/wp-content\/uploads\/2022\/06\/290034029_321305893543986_350191975993526607_n-768x1024.jpg 768w, https:\/\/forte.psmbielsk.edu.pl\/wp-content\/uploads\/2022\/06\/290034029_321305893543986_350191975993526607_n-225x300.jpg 225w, https:\/\/forte.psmbielsk.edu.pl\/wp-content\/uploads\/2022\/06\/290034029_321305893543986_350191975993526607_n-1152x1536.jpg 1152w, https:\/\/forte.psmbielsk.edu.pl\/wp-content\/uploads\/2022\/06\/290034029_321305893543986_350191975993526607_n-1536x2048.jpg 1536w, https:\/\/forte.psmbielsk.edu.pl\/wp-content\/uploads\/2022\/06\/290034029_321305893543986_350191975993526607_n-scaled.jpg 1920w\" sizes=\"auto, (max-width: 768px) 100vw, 768px\" \/><\/figure>\n<\/figure>\n","protected":false},"excerpt":{"rendered":"<p>&#8222;\u015aWI\u0118TO MUZYKI&#8221; JEST WSP\u00d3\u0141FINANSOWANE ZE \u015aRODK\u00d3W WOJEW\u00d3DZTWA PODLASKIEGO<\/p>\n","protected":false},"author":2,"featured_media":0,"parent":0,"menu_order":0,"comment_status":"closed","ping_status":"closed","template":"","meta":{"footnotes":""},"class_list":["post-40","page","type-page","status-publish","hentry"],"_links":{"self":[{"href":"https:\/\/forte.psmbielsk.edu.pl\/index.php\/wp-json\/wp\/v2\/pages\/40","targetHints":{"allow":["GET"]}}],"collection":[{"href":"https:\/\/forte.psmbielsk.edu.pl\/index.php\/wp-json\/wp\/v2\/pages"}],"about":[{"href":"https:\/\/forte.psmbielsk.edu.pl\/index.php\/wp-json\/wp\/v2\/types\/page"}],"author":[{"embeddable":true,"href":"https:\/\/forte.psmbielsk.edu.pl\/index.php\/wp-json\/wp\/v2\/users\/2"}],"replies":[{"embeddable":true,"href":"https:\/\/forte.psmbielsk.edu.pl\/index.php\/wp-json\/wp\/v2\/comments?post=40"}],"version-history":[{"count":1,"href":"https:\/\/forte.psmbielsk.edu.pl\/index.php\/wp-json\/wp\/v2\/pages\/40\/revisions"}],"predecessor-version":[{"id":42,"href":"https:\/\/forte.psmbielsk.edu.pl\/index.php\/wp-json\/wp\/v2\/pages\/40\/revisions\/42"}],"wp:attachment":[{"href":"https:\/\/forte.psmbielsk.edu.pl\/index.php\/wp-json\/wp\/v2\/media?parent=40"}],"curies":[{"name":"wp","href":"https:\/\/api.w.org\/{rel}","templated":true}]}}